{"id":635,"date":"2022-05-18T09:29:50","date_gmt":"2022-05-18T07:29:50","guid":{"rendered":"https:\/\/mpowertech.com.pl\/products\/"},"modified":"2024-03-20T11:44:09","modified_gmt":"2024-03-20T10:44:09","slug":"produkty","status":"publish","type":"page","link":"https:\/\/mpowertech.com.pl\/en\/produkty\/","title":{"rendered":"Products"},"content":{"rendered":"\n<div class=\"wp-block-columns is-layout-flex wp-container-core-columns-is-layout-9d6595d7 wp-block-columns-is-layout-flex\">\n<div class=\"wp-block-column is-layout-flow wp-block-column-is-layout-flow\">\n<h2 class=\"wp-block-heading text-big\"><strong>Key products for electrical and hydrogen drivelines:<\/strong>\r\n<\/h2>\n<\/div>\n\n\n\n<div class=\"wp-block-column is-layout-flow wp-block-column-is-layout-flow\">\n<ul class=\"wp-block-list\">\n<li>High efficiency silicone \u2013 carbide inverters,<\/li>\n\n\n\n<li>Drive systems (inverter+motor) for various power levels and different applications,<\/li>\n\n\n\n<li>Fuel cell power electronic controllers for vehicle applications<\/li>\n\n\n\n<li>Wsparcie partner\u00f3w podczas prowadzenia prac analitycznych, badawczo-rozwojowych oraz koncepcyjnych zwi\u0105zanych z bezemisyjnymi systemami nap\u0119dowymi.<\/li>\n<\/ul>\n<\/div>\n<\/div>\n\n\n\n<div style=\"height:40px\" aria-hidden=\"true\" class=\"wp-block-spacer\"><\/div>\n\n\n\n<div class=\"wp-block-columns products is-layout-flex wp-container-core-columns-is-layout-9d6595d7 wp-block-columns-is-layout-flex\">\n<div class=\"wp-block-column is-layout-flow wp-block-column-is-layout-flow\">\n<div class=\"wp-block-columns is-layout-flex wp-container-core-columns-is-layout-9d6595d7 wp-block-columns-is-layout-flex\">\n<div class=\"wp-block-column is-layout-flow wp-block-column-is-layout-flow\">\n<figure class=\"wp-block-image size-full\"><a href=\"https:\/\/mpowertech.com.pl\/en\/produkty\/motionpower110-drive-system\/\"><img loading=\"lazy\" decoding=\"async\" width=\"768\" height=\"432\" sizes=\"auto, (max-width: 768px) 100vw, 768px\" src=\"https:\/\/mpowertech.com.pl\/wp-content\/uploads\/2023\/03\/lodz-24-mini.png\" alt=\"\" class=\"wp-image-827\" srcset=\"https:\/\/mpowertech.com.pl\/wp-content\/uploads\/2023\/03\/lodz-24-mini.png 768w, https:\/\/mpowertech.com.pl\/wp-content\/uploads\/2023\/03\/lodz-24-mini-300x169.png 300w\" \/><\/a><\/figure>\n\n\n\n<h3 class=\"wp-block-heading\">Marine sector<\/h3>\n\n\n\n<p style=\"font-size:1em\">Drive sets (motor+inverter+PDU+display+lever) with powers from 9kW to 110 kW, liquid cooled, as outboard and inboard solutions.<\/p>\n\n\n\n<p style=\"font-size:1em\"><a href=\"https:\/\/mpowertech.com.pl\/en\/produkty\/motionpower110-drive-system\/\">more<\/a><\/p>\n<\/div>\n\n\n\n<div class=\"wp-block-column is-layout-flow wp-block-column-is-layout-flow\">\n<figure class=\"wp-block-image size-full\"><a href=\"https:\/\/mpowertech.com.pl\/en\/produkty\/motionpower220-drive-system\/\"><img loading=\"lazy\" decoding=\"async\" width=\"260\" height=\"232\" sizes=\"auto, (max-width: 260px) 100vw, 260px\" src=\"https:\/\/mpowertech.com.pl\/wp-content\/uploads\/2022\/05\/pr2_2x-removebg-preview.png\" alt=\"Electric MotionPower220 drive system\" class=\"wp-image-150\"\/><\/a><\/figure>\n\n\n\n<h3 class=\"wp-block-heading\">Electric drives<\/h3>\n\n\n\n<p style=\"font-size:1em\">We are designing, constructing and evaluating electric drives in various topologies.<\/p>\n\n\n\n<p style=\"font-size:1em\"><a href=\"https:\/\/mpowertech.com.pl\/en\/produkty\/motionpower220-drive-system\/\">see more<\/a><\/p>\n<\/div>\n<\/div>\n<\/div>\n\n\n\n<div class=\"wp-block-column is-layout-flow wp-block-column-is-layout-flow\">\n<div class=\"wp-block-columns is-layout-flex wp-container-core-columns-is-layout-9d6595d7 wp-block-columns-is-layout-flex\">\n<div class=\"wp-block-column is-layout-flow wp-block-column-is-layout-flow\">\n<figure class=\"wp-block-image size-full\"><a href=\"https:\/\/mpowertech.com.pl\/en\/produkty\/h2control30-fuel-cell-controller\/\"><img loading=\"lazy\" decoding=\"async\" width=\"260\" height=\"232\" sizes=\"auto, (max-width: 260px) 100vw, 260px\" src=\"https:\/\/mpowertech.com.pl\/wp-content\/uploads\/2022\/05\/pr4_2x-removebg-preview.png\" alt=\"H2Control30 \u2013 fuel cell controller\" class=\"wp-image-154\"\/><\/a><\/figure>\n\n\n\n<h3 class=\"wp-block-heading\">Industrial electronics<\/h3>\n\n\n\n<p style=\"font-size:1em\">SiC \u2013 based fuel cell controllers, inverters,  electrolyser power supplies, distribution units for Your applicaitions.<\/p>\n\n\n\n<p style=\"font-size:1em\"><a href=\"https:\/\/mpowertech.com.pl\/en\/produkty\/h2control30-fuel-cell-controller\/\">see more<\/a><\/p>\n<\/div>\n\n\n\n<div class=\"wp-block-column is-layout-flow wp-block-column-is-layout-flow\">\n<figure class=\"wp-block-image size-full\"><a href=\"https:\/\/mpowertech.com.pl\/en\/produkty\/hydrobuffer2-fuel-cell-power-unit\/\"><img loading=\"lazy\" decoding=\"async\" width=\"260\" height=\"232\" sizes=\"auto, (max-width: 260px) 100vw, 260px\" src=\"https:\/\/mpowertech.com.pl\/wp-content\/uploads\/2022\/05\/pr3_2x-removebg-preview.png\" alt=\"HydroBuffer2 \u2013 2kW hydrogen set\" class=\"wp-image-152\"\/><\/a><\/figure>\n\n\n\n<h3 class=\"wp-block-heading\">Hydrogen systems<\/h3>\n\n\n\n<p style=\"font-size:1em\">Hydrogen sets for smaller and medium size applications. Also applicable as a educational stands.<\/p>\n\n\n\n<p style=\"font-size:1em\"><a href=\"https:\/\/mpowertech.com.pl\/en\/produkty\/hydrobuffer2-fuel-cell-power-unit\/\">see more<\/a><\/p>\n<\/div>\n<\/div>\n<\/div>\n<\/div>\n","protected":false},"excerpt":{"rendered":"<p>Key products for electrical and hydrogen drivelines: Marine sector Drive sets (motor+inverter+PDU+display+lever) with powers from 9kW to 110 kW, liquid cooled, as outboard and inboard solutions. more Electric drives We are designing, constructing and evaluating electric drives in various topologies. see more Industrial electronics SiC \u2013 based fuel cell controllers, inverters, electrolyser power supplies, distribution [&hellip;]<\/p>\n","protected":false},"author":1,"featured_media":0,"parent":0,"menu_order":0,"comment_status":"closed","ping_status":"closed","template":"","meta":{"inline_featured_image":false,"footnotes":""},"class_list":["post-635","page","type-page","status-publish","hentry"],"yoast_head":"<!-- This site is optimized with the Yoast SEO plugin v26.1.1 - https:\/\/yoast.com\/wordpress\/plugins\/seo\/ -->\n<title>Products - MPOWER - nap\u0119dy elektryczne<\/title>\n<meta name=\"description\" content=\"Wysokosprawne falowniki nap\u0119dowe SiC, Kompletne uk\u0142ady nap\u0119dowe r\u00f3\u017cnych klas mocy i do r\u00f3\u017cnych aplikacji, Kontrolery ogniw paliwowych do zastosowa\u0144 w pojazdach wodorowych.\" \/>\n<meta name=\"robots\" content=\"index, follow, max-snippet:-1, max-image-preview:large, max-video-preview:-1\" \/>\n<link rel=\"canonical\" href=\"https:\/\/mpowertech.com.pl\/en\/produkty\/\" \/>\n<meta property=\"og:locale\" content=\"en_US\" \/>\n<meta property=\"og:type\" content=\"article\" \/>\n<meta property=\"og:title\" content=\"Products - MPOWER - nap\u0119dy elektryczne\" \/>\n<meta property=\"og:description\" content=\"Wysokosprawne falowniki nap\u0119dowe SiC, Kompletne uk\u0142ady nap\u0119dowe r\u00f3\u017cnych klas mocy i do r\u00f3\u017cnych aplikacji, Kontrolery ogniw paliwowych do zastosowa\u0144 w pojazdach wodorowych.\" \/>\n<meta property=\"og:url\" content=\"https:\/\/mpowertech.com.pl\/en\/produkty\/\" \/>\n<meta property=\"og:site_name\" content=\"MPOWER\" \/>\n<meta property=\"article:publisher\" content=\"https:\/\/www.facebook.com\/mpowertechnologie\" \/>\n<meta property=\"article:modified_time\" content=\"2024-03-20T10:44:09+00:00\" \/>\n<meta property=\"og:image\" content=\"https:\/\/mpowertech.com.pl\/wp-content\/uploads\/2023\/03\/lodz-24-mini.png\" \/>\n<meta name=\"twitter:card\" content=\"summary_large_image\" \/>\n<meta name=\"twitter:label1\" content=\"Est. reading time\" \/>\n\t<meta name=\"twitter:data1\" content=\"2 minutes\" \/>\n<script type=\"application\/ld+json\" class=\"yoast-schema-graph\">{\"@context\":\"https:\/\/schema.org\",\"@graph\":[{\"@type\":\"WebPage\",\"@id\":\"https:\/\/mpowertech.com.pl\/en\/produkty\/\",\"url\":\"https:\/\/mpowertech.com.pl\/en\/produkty\/\",\"name\":\"Products - MPOWER - nap\u0119dy elektryczne\",\"isPartOf\":{\"@id\":\"https:\/\/mpowertech.com.pl\/#website\"},\"primaryImageOfPage\":{\"@id\":\"https:\/\/mpowertech.com.pl\/en\/produkty\/#primaryimage\"},\"image\":{\"@id\":\"https:\/\/mpowertech.com.pl\/en\/produkty\/#primaryimage\"},\"thumbnailUrl\":\"https:\/\/mpowertech.com.pl\/wp-content\/uploads\/2023\/03\/lodz-24-mini.png\",\"datePublished\":\"2022-05-18T07:29:50+00:00\",\"dateModified\":\"2024-03-20T10:44:09+00:00\",\"description\":\"Wysokosprawne falowniki nap\u0119dowe SiC, Kompletne uk\u0142ady nap\u0119dowe r\u00f3\u017cnych klas mocy i do r\u00f3\u017cnych aplikacji, Kontrolery ogniw paliwowych do zastosowa\u0144 w pojazdach wodorowych.\",\"breadcrumb\":{\"@id\":\"https:\/\/mpowertech.com.pl\/en\/produkty\/#breadcrumb\"},\"inLanguage\":\"en-US\",\"potentialAction\":[{\"@type\":\"ReadAction\",\"target\":[\"https:\/\/mpowertech.com.pl\/en\/produkty\/\"]}]},{\"@type\":\"ImageObject\",\"inLanguage\":\"en-US\",\"@id\":\"https:\/\/mpowertech.com.pl\/en\/produkty\/#primaryimage\",\"url\":\"https:\/\/mpowertech.com.pl\/wp-content\/uploads\/2023\/03\/lodz-24-mini.png\",\"contentUrl\":\"https:\/\/mpowertech.com.pl\/wp-content\/uploads\/2023\/03\/lodz-24-mini.png\"},{\"@type\":\"BreadcrumbList\",\"@id\":\"https:\/\/mpowertech.com.pl\/en\/produkty\/#breadcrumb\",\"itemListElement\":[{\"@type\":\"ListItem\",\"position\":1,\"name\":\"Strona g\u0142\u00f3wna\",\"item\":\"https:\/\/mpowertech.com.pl\/en\/\"},{\"@type\":\"ListItem\",\"position\":2,\"name\":\"Products\"}]},{\"@type\":\"WebSite\",\"@id\":\"https:\/\/mpowertech.com.pl\/#website\",\"url\":\"https:\/\/mpowertech.com.pl\/\",\"name\":\"MPOWER\",\"description\":\"NAP\u0118DZAMY REVOLUCJ\u0118\",\"publisher\":{\"@id\":\"https:\/\/mpowertech.com.pl\/#organization\"},\"potentialAction\":[{\"@type\":\"SearchAction\",\"target\":{\"@type\":\"EntryPoint\",\"urlTemplate\":\"https:\/\/mpowertech.com.pl\/?s={search_term_string}\"},\"query-input\":{\"@type\":\"PropertyValueSpecification\",\"valueRequired\":true,\"valueName\":\"search_term_string\"}}],\"inLanguage\":\"en-US\"},{\"@type\":\"Organization\",\"@id\":\"https:\/\/mpowertech.com.pl\/#organization\",\"name\":\"MPOWER\",\"url\":\"https:\/\/mpowertech.com.pl\/\",\"logo\":{\"@type\":\"ImageObject\",\"inLanguage\":\"en-US\",\"@id\":\"https:\/\/mpowertech.com.pl\/#\/schema\/logo\/image\/\",\"url\":\"https:\/\/mpowertech.com.pl\/wp-content\/uploads\/2022\/05\/logo.svg\",\"contentUrl\":\"https:\/\/mpowertech.com.pl\/wp-content\/uploads\/2022\/05\/logo.svg\",\"width\":223,\"height\":58,\"caption\":\"MPOWER\"},\"image\":{\"@id\":\"https:\/\/mpowertech.com.pl\/#\/schema\/logo\/image\/\"},\"sameAs\":[\"https:\/\/www.facebook.com\/mpowertechnologie\",\"https:\/\/www.linkedin.com\/company\/mpower-sp-z-o-o\/\"]}]}<\/script>\n<!-- \/ Yoast SEO plugin. -->","yoast_head_json":{"title":"Products - MPOWER - nap\u0119dy elektryczne","description":"Wysokosprawne falowniki nap\u0119dowe SiC, Kompletne uk\u0142ady nap\u0119dowe r\u00f3\u017cnych klas mocy i do r\u00f3\u017cnych aplikacji, Kontrolery ogniw paliwowych do zastosowa\u0144 w pojazdach wodorowych.","robots":{"index":"index","follow":"follow","max-snippet":"max-snippet:-1","max-image-preview":"max-image-preview:large","max-video-preview":"max-video-preview:-1"},"canonical":"https:\/\/mpowertech.com.pl\/en\/produkty\/","og_locale":"en_US","og_type":"article","og_title":"Products - MPOWER - nap\u0119dy elektryczne","og_description":"Wysokosprawne falowniki nap\u0119dowe SiC, Kompletne uk\u0142ady nap\u0119dowe r\u00f3\u017cnych klas mocy i do r\u00f3\u017cnych aplikacji, Kontrolery ogniw paliwowych do zastosowa\u0144 w pojazdach wodorowych.","og_url":"https:\/\/mpowertech.com.pl\/en\/produkty\/","og_site_name":"MPOWER","article_publisher":"https:\/\/www.facebook.com\/mpowertechnologie","article_modified_time":"2024-03-20T10:44:09+00:00","og_image":[{"url":"https:\/\/mpowertech.com.pl\/wp-content\/uploads\/2023\/03\/lodz-24-mini.png","type":"","width":"","height":""}],"twitter_card":"summary_large_image","twitter_misc":{"Est. reading time":"2 minutes"},"schema":{"@context":"https:\/\/schema.org","@graph":[{"@type":"WebPage","@id":"https:\/\/mpowertech.com.pl\/en\/produkty\/","url":"https:\/\/mpowertech.com.pl\/en\/produkty\/","name":"Products - MPOWER - nap\u0119dy elektryczne","isPartOf":{"@id":"https:\/\/mpowertech.com.pl\/#website"},"primaryImageOfPage":{"@id":"https:\/\/mpowertech.com.pl\/en\/produkty\/#primaryimage"},"image":{"@id":"https:\/\/mpowertech.com.pl\/en\/produkty\/#primaryimage"},"thumbnailUrl":"https:\/\/mpowertech.com.pl\/wp-content\/uploads\/2023\/03\/lodz-24-mini.png","datePublished":"2022-05-18T07:29:50+00:00","dateModified":"2024-03-20T10:44:09+00:00","description":"Wysokosprawne falowniki nap\u0119dowe SiC, Kompletne uk\u0142ady nap\u0119dowe r\u00f3\u017cnych klas mocy i do r\u00f3\u017cnych aplikacji, Kontrolery ogniw paliwowych do zastosowa\u0144 w pojazdach wodorowych.","breadcrumb":{"@id":"https:\/\/mpowertech.com.pl\/en\/produkty\/#breadcrumb"},"inLanguage":"en-US","potentialAction":[{"@type":"ReadAction","target":["https:\/\/mpowertech.com.pl\/en\/produkty\/"]}]},{"@type":"ImageObject","inLanguage":"en-US","@id":"https:\/\/mpowertech.com.pl\/en\/produkty\/#primaryimage","url":"https:\/\/mpowertech.com.pl\/wp-content\/uploads\/2023\/03\/lodz-24-mini.png","contentUrl":"https:\/\/mpowertech.com.pl\/wp-content\/uploads\/2023\/03\/lodz-24-mini.png"},{"@type":"BreadcrumbList","@id":"https:\/\/mpowertech.com.pl\/en\/produkty\/#breadcrumb","itemListElement":[{"@type":"ListItem","position":1,"name":"Strona g\u0142\u00f3wna","item":"https:\/\/mpowertech.com.pl\/en\/"},{"@type":"ListItem","position":2,"name":"Products"}]},{"@type":"WebSite","@id":"https:\/\/mpowertech.com.pl\/#website","url":"https:\/\/mpowertech.com.pl\/","name":"MPOWER","description":"NAP\u0118DZAMY REVOLUCJ\u0118","publisher":{"@id":"https:\/\/mpowertech.com.pl\/#organization"},"potentialAction":[{"@type":"SearchAction","target":{"@type":"EntryPoint","urlTemplate":"https:\/\/mpowertech.com.pl\/?s={search_term_string}"},"query-input":{"@type":"PropertyValueSpecification","valueRequired":true,"valueName":"search_term_string"}}],"inLanguage":"en-US"},{"@type":"Organization","@id":"https:\/\/mpowertech.com.pl\/#organization","name":"MPOWER","url":"https:\/\/mpowertech.com.pl\/","logo":{"@type":"ImageObject","inLanguage":"en-US","@id":"https:\/\/mpowertech.com.pl\/#\/schema\/logo\/image\/","url":"https:\/\/mpowertech.com.pl\/wp-content\/uploads\/2022\/05\/logo.svg","contentUrl":"https:\/\/mpowertech.com.pl\/wp-content\/uploads\/2022\/05\/logo.svg","width":223,"height":58,"caption":"MPOWER"},"image":{"@id":"https:\/\/mpowertech.com.pl\/#\/schema\/logo\/image\/"},"sameAs":["https:\/\/www.facebook.com\/mpowertechnologie","https:\/\/www.linkedin.com\/company\/mpower-sp-z-o-o\/"]}]}},"_links":{"self":[{"href":"https:\/\/mpowertech.com.pl\/en\/wp-json\/wp\/v2\/pages\/635","targetHints":{"allow":["GET"]}}],"collection":[{"href":"https:\/\/mpowertech.com.pl\/en\/wp-json\/wp\/v2\/pages"}],"about":[{"href":"https:\/\/mpowertech.com.pl\/en\/wp-json\/wp\/v2\/types\/page"}],"author":[{"embeddable":true,"href":"https:\/\/mpowertech.com.pl\/en\/wp-json\/wp\/v2\/users\/1"}],"replies":[{"embeddable":true,"href":"https:\/\/mpowertech.com.pl\/en\/wp-json\/wp\/v2\/comments?post=635"}],"version-history":[{"count":4,"href":"https:\/\/mpowertech.com.pl\/en\/wp-json\/wp\/v2\/pages\/635\/revisions"}],"predecessor-version":[{"id":1119,"href":"https:\/\/mpowertech.com.pl\/en\/wp-json\/wp\/v2\/pages\/635\/revisions\/1119"}],"wp:attachment":[{"href":"https:\/\/mpowertech.com.pl\/en\/wp-json\/wp\/v2\/media?parent=635"}],"curies":[{"name":"wp","href":"https:\/\/api.w.org\/{rel}","templated":true}]}}